{"id":2608,"date":"2023-11-13T19:16:07","date_gmt":"2023-11-13T18:16:07","guid":{"rendered":"https:\/\/milanclubparisfb.fr\/register\/"},"modified":"2023-11-16T21:46:39","modified_gmt":"2023-11-16T20:46:39","slug":"register-2","status":"publish","type":"page","link":"https:\/\/milanclubparisfb.fr\/?page_id=2608","title":{"rendered":"Adh\u00e9sion Franco Baresi &#8211; Saison 2023\/2024"},"content":{"rendered":"<section class=\"wpb-content-wrapper\"><p>[vc_row][vc_column][vc_column_text]<strong>        <form enctype=\"multipart\/form-data\" method=\"post\" id=\"wppb-register-user\" class=\"wppb-user-forms wppb-register-user wppb-user-logged-out\" action=\"https:\/\/milanclubparisfb.fr\/index.php?rest_route=%2Fwp%2Fv2%2Fpages%2F2608\">\n\t\t\t<ul><li class=\"wppb-form-field wppb-default-name-heading\" id=\"wppb-form-element-1\"><h4>Informations personnelles<\/h4><span class=\"wppb-description-delimiter \"><\/span><\/li><li class=\"wppb-form-field wppb-default-username\" id=\"wppb-form-element-2\">\n\t\t\t<label for=\"username\">Nom d'utilisateur<span class=\"wppb-required\" title=\"Ce champ est obligatoire\">*<\/span><\/label>\n\t\t\t<input class=\"text-input default_field_username \" name=\"username\" maxlength=\"70\" type=\"text\" id=\"username\" value=\"\"  \/><span class=\"wppb-description-delimiter\">Nom d'utilisateur avec quoi vous allez vous s'inscrire sur le site<\/span><\/li><li class=\"wppb-form-field wppb-default-first-name\" id=\"wppb-form-element-3\">\n\t\t\t<label for=\"first_name\">Pr\u00e9nom<span class=\"wppb-required\" title=\"Ce champ est obligatoire\">*<\/span><\/label>\n\t\t\t<input class=\"text-input default_field_firstname \" name=\"first_name\" maxlength=\"70\" type=\"text\" id=\"first_name\" value=\"\"  \/><\/li><li class=\"wppb-form-field wppb-default-last-name\" id=\"wppb-form-element-4\">\n\t\t\t<label for=\"last_name\">Nom de famille<span class=\"wppb-required\" title=\"Ce champ est obligatoire\">*<\/span><\/label>\n\t\t\t<input class=\"text-input default_field_lastname \" name=\"last_name\" maxlength=\"70\" type=\"text\" id=\"last_name\" value=\"\" \/><\/li><li class=\"wppb-form-field wppb-default-display-name-publicly-as\" id=\"wppb-form-element-6\"><\/li><li class=\"wppb-form-field wppb-textarea\" id=\"wppb-form-element-14\">\n\t\t\t\t<label for=\"Adresse\">Adresse<span class=\"wppb-required\" title=\"Ce champ est obligatoire\">*<\/span><\/label>\n\t\t\t\t<textarea rows=\"5\" name=\"Adresse\" maxlength=\"\" class=\"custom_field_textarea \" id=\"Adresse\" wrap=\"virtual\" ><\/textarea><span class=\"wppb-description-delimiter\">Rue, code postal<\/span><\/li><li class=\"wppb-form-field wppb-default-contact-info-heading\" id=\"wppb-form-element-7\"><h4>Contact Info<\/h4><span class=\"wppb-description-delimiter \"><\/span><\/li><li class=\"wppb-form-field wppb-default-e-mail\" id=\"wppb-form-element-8\">\n\t\t\t<label for=\"email\">E-mail<span class=\"wppb-required\" title=\"Ce champ est obligatoire\">*<\/span><\/label>\n\t\t\t<input class=\"text-input default_field_email \" name=\"email\" maxlength=\"70\" type=\"email\" id=\"email\" value=\"\"   \/><\/li><li class=\"wppb-form-field wppb-input\" id=\"wppb-form-element-9\">\n\t\t\t\t<label for=\"Num\u00e9ro\">Num\u00e9ro de t\u00e9l\u00e9phone<span class=\"wppb-required\" title=\"Ce champ est obligatoire\">*<\/span><\/label>\n\t\t\t\t<input class=\"extra_field_input \" name=\"Num\u00e9ro\" maxlength=\"250\" type=\"text\" id=\"Num\u00e9ro\" value=\"\" \/><span class=\"wppb-description-delimiter\">Votre num\u00e9ro de t\u00e9l\u00e9phone<\/span><\/li><li class=\"wppb-form-field wppb-default-biographical-info\" id=\"wppb-form-element-11\">\n\t\t\t<label for=\"description\">Date &amp; Lieu de naissance<span class=\"wppb-required\" title=\"Ce champ est obligatoire\">*<\/span><\/label>\n\t\t\t<textarea rows=\"5\" name=\"description\" maxlength=\"\" class=\"default_field_description \" id=\"description\" wrap=\"virtual\" ><\/textarea><span class=\"wppb-description-delimiter\">JJ\/MM\/AAAA - Lieu de naissance<\/span><\/li><li class=\"wppb-form-field wppb-default-password\" id=\"wppb-form-element-12\">\n\t\t\t<label for=\"passw1\">Mot de passe<span class=\"wppb-required\" title=\"Ce champ est obligatoire\">*<\/span><\/label>\n\t\t\t<input class=\"text-input \" name=\"passw1\" maxlength=\"70\" type=\"password\" id=\"passw1\" value=\"\" autocomplete=\"off\" \/><span class=\"wppb-description-delimiter\"> <\/span><\/li><li class=\"wppb-form-field wppb-default-repeat-password\" id=\"wppb-form-element-13\">\n\t\t\t<label for=\"passw2\">Confirmation du mot de passe<span class=\"wppb-required\" title=\"Ce champ est obligatoire\">*<\/span><\/label>\n\t\t\t<input class=\"text-input \" name=\"passw2\" maxlength=\"70\" type=\"password\" id=\"passw2\" value=\"\" autocomplete=\"off\" \/><\/li><li class=\"wppb-form-field wppb-subscription-plans\" id=\"wppb-form-element-15\"><h4>Adh\u00e9sion Franco Baresi<\/h4><div class=\"pms-subscription-plan pms-hidden pms-subscription-plan-2609\"><input type=\"hidden\" name=\"subscription_plans\" data-price=\"20\" data-duration=\"1\" data-fixed_membership=\"\" data-allow_renew=\"\" data-sign_up_fee=\"0\" data-trial=\"0\" data-recurring=\"2\"  value=\"2609\" \/><label><span class=\"pms-subscription-plan-name\">Adh\u00e9sion membre Franco Baresi saison 2023\/2024<\/span><span class=\"pms-subscription-plan-price\"><span class=\"pms-divider\"> - <\/span><span class=\"pms-subscription-plan-price-value\">20<\/span><span class=\"pms-subscription-plan-currency\">&#8364;<\/span><span class=\"pms-divider\"> \/ <\/span>1 An<\/span><span class=\"pms-subscription-plan-trial\"><\/span><span class=\"pms-subscription-plan-sign-up-fee\"><\/span><\/label><div class=\"pms-subscription-plan-description\">Adh\u00e9sion franco baresi saison 2023\/2024<\/div><\/div><div id=\"pms-subscription-plans-discount\"><label for=\"pms_subscription_plans_discount\">Code promotionnel :<\/label><input id=\"pms_subscription_plans_discount_code\" name=\"discount_code\" placeholder=\"Saisissez votre code promotionnel\" type=\"text\" value=\"\" \/><input id=\"pms-apply-discount\" class=\"pms-submit button\" type=\"submit\" value=\"Valider\"><\/span><\/div><div id=\"pms-subscription-plans-discount-messages-wrapper\"><div id=\"pms-subscription-plans-discount-messages\" ><\/div><div id=\"pms-subscription-plans-discount-messages-loading\">V\u00e9rification du code en cours...<\/div><\/div><\/li><div id=\"pms-paygates-wrapper\"><input type=\"hidden\" class=\"pms_pay_gate\" name=\"pay_gate\" value=\"stripe_connect\" data-sign_up_fee=\"1\" data-trial=\"1\" data-recurring=\"1\"  data-type=\"credit_card\" \/><\/div><input type=\"hidden\" id=\"stripe-pk\" value=\"pk_live_51OC4hjKhS0PpTWClkqBbJ3PXPaLcC4OG4fMYV0Cj97RAzMwcPdmZkgjaXH0UQcPuaTXXugeMwWDzgMUKDdlwrIXC00T8Q9j6gk\" \/><input type=\"hidden\" name=\"pms_stripe_connect_setup_intent\" value=\"seti_1TVWuTKhS0PpTWClad4npo5j_secret_UUVwCHZhPNeGHDgHtHlhgzKZX1imNZR\"\/><input type=\"hidden\" id=\"pms-stripe-ajax-payment-intent-nonce\" name=\"stripe_ajax_payment_intent_nonce\" value=\"a8ea8c433d\"\/><input type=\"hidden\" id=\"pms-stripe-ajax-update-payment-intent-nonce\" name=\"stripe_ajax_update_payment_intent_nonce\" value=\"224f64f69d\"\/><ul id=\"pms-credit-card-information\" class=\"pms-field-section pms-credit-card-information pms-section-credit-card-information\"><li class=\"pms-field pms-field-type-heading \"><h4>Payment Details<\/h4><\/li><div id=\"pms-stripe-payment-elements\">Before you can accept payments, you need to connect your Stripe Account by going to Dashboard -> Paid Member Subscriptions -> Settings -> <a href=\"https:\/\/milanclubparisfb.fr\/wp-admin\/admin.php?page=pms-settings-page&#038;tab=payments\">Payments<\/a><\/div><\/ul><\/ul><span id=\"pms-submit-button-loading-placeholder-text\" style=\"display: none;\">En cours. Patientez, s&#039;il vous pla\u00eet...<\/span><\/ul><ul><li class=\"wppb-form-field wppb-send-credentials-checkbox\"><label for=\"send_credentials_via_email\"><input id=\"send_credentials_via_email\" type=\"checkbox\" name=\"send_credentials_via_email\" value=\"sending\"\/>Envoyer ces identifiants par E-mail.<\/label><\/li><\/ul>\t\t\t<p class=\"form-submit\"  >\n\t\t\t\t                \t\t\t\t<input name=\"register\" type=\"submit\" id=\"register\" class=\"submit button\" value=\"S&#039;inscrire\" \/>\n                <input name=\"redirect_to\" type=\"hidden\" value=\"\" \/>\n                \t\t\t\t<input name=\"action\" type=\"hidden\" id=\"action\" value=\"register\" \/>\n\t\t\t\t<input name=\"form_name\" type=\"hidden\" id=\"form_name\" value=\"unspecified\" \/>\n\t\t\t\t<input name=\"form_id\" type=\"hidden\" id=\"form_id\" value=\"\" \/>\n\t\t\t\t\t\t\t<\/p><!-- .form-submit -->\n\t\t\t<input type=\"hidden\" id=\"register_unspecified_nonce_field\" name=\"register_unspecified_nonce_field\" value=\"b400134a17\" \/><input type=\"hidden\" name=\"_wp_http_referer\" value=\"\/index.php?rest_route=%2Fwp%2Fv2%2Fpages%2F2608\" \/>\t\t<\/form>\n\t\t<\/strong>[\/vc_column_text][\/vc_column][\/vc_row]<\/p>\n<\/section>","protected":false},"excerpt":{"rendered":"<p>[vc_row][vc_column][vc_column_text][\/vc_column_text][\/vc_column][\/vc_row]<\/p>\n","protected":false},"author":1,"featured_media":0,"parent":0,"menu_order":0,"comment_status":"closed","ping_status":"closed","template":"","meta":{"ngg_post_thumbnail":0,"_price":"","_stock":"","_tribe_ticket_header":"","_tribe_default_ticket_provider":"TEC\\Tickets\\Commerce\\Module","_tribe_ticket_capacity":"0","_ticket_start_date":"","_ticket_end_date":"","_tribe_ticket_show_description":"","_tribe_ticket_show_not_going":false,"_tribe_ticket_use_global_stock":"","_tribe_ticket_global_stock_level":"","_global_stock_mode":"","_global_stock_cap":"","_tribe_rsvp_for_event":"","_tribe_ticket_going_count":"","_tribe_ticket_not_going_count":"","_tribe_tickets_list":[],"_tribe_ticket_has_attendee_info_fields":false,"footnotes":""},"class_list":["post-2608","page","type-page","status-publish","hentry"],"ticketed":false,"_links":{"self":[{"href":"https:\/\/milanclubparisfb.fr\/index.php?rest_route=\/wp\/v2\/pages\/2608","targetHints":{"allow":["GET"]}}],"collection":[{"href":"https:\/\/milanclubparisfb.fr\/index.php?rest_route=\/wp\/v2\/pages"}],"about":[{"href":"https:\/\/milanclubparisfb.fr\/index.php?rest_route=\/wp\/v2\/types\/page"}],"author":[{"embeddable":true,"href":"https:\/\/milanclubparisfb.fr\/index.php?rest_route=\/wp\/v2\/users\/1"}],"replies":[{"embeddable":true,"href":"https:\/\/milanclubparisfb.fr\/index.php?rest_route=%2Fwp%2Fv2%2Fcomments&post=2608"}],"version-history":[{"count":4,"href":"https:\/\/milanclubparisfb.fr\/index.php?rest_route=\/wp\/v2\/pages\/2608\/revisions"}],"predecessor-version":[{"id":2632,"href":"https:\/\/milanclubparisfb.fr\/index.php?rest_route=\/wp\/v2\/pages\/2608\/revisions\/2632"}],"wp:attachment":[{"href":"https:\/\/milanclubparisfb.fr\/index.php?rest_route=%2Fwp%2Fv2%2Fmedia&parent=2608"}],"curies":[{"name":"wp","href":"https:\/\/api.w.org\/{rel}","templated":true}]}}